{"id":689,"date":"2024-10-29T09:59:03","date_gmt":"2024-10-29T12:59:03","guid":{"rendered":"https:\/\/joids.org.br\/?page_id=689"},"modified":"2024-10-29T09:59:03","modified_gmt":"2024-10-29T12:59:03","slug":"sobre","status":"publish","type":"page","link":"https:\/\/joids.org.br\/index.php\/sobre\/","title":{"rendered":"SOBRE"},"content":{"rendered":"<h1 style=\"text-align: center;\"><strong>Joids \u2013 O in\u00edcio<\/strong><\/h1>\n<p>A origem dos JOIDs remonta aos primeiros dias de maio do ano de 1985, quando, em Vit\u00f3ria\/ES, o Agente Ednilson Antonio da Silva, Diretor Regional da ANSEF \u2013 Associa\u00e7\u00e3o Nacional dos Funcion\u00e1rios da Pol\u00edcia Federal \u2013 e o Agente Carlos Roberto da Silva, em conjunto com o ent\u00e3o Superintendente Regional do DPF no Esp\u00edrito Santo, Delegado Federal Osvaldo Silveira Filho decidiram promover um torneio reunindo, al\u00e9m dos capixabas, as Superintend\u00eancias Regionais do Rio de Janeiro, S\u00e3o Paulo, Minas Gerais e Bahia.<\/p>\n<p>O torneio seria realizado pela ANSEF, em comemora\u00e7\u00e3o ao anivers\u00e1rio do DPF, no dia 16 de novembro daquele ano. Para que fosse garantido o sucesso do empreendimento, o presidente da ANSEF, Delegado Vicente Chelotti, buscou o apoio da administra\u00e7\u00e3o no sentido de que os atletas fossem liberados e pudessem participar do evento. Diretor-geral \u00e0 \u00e9poca, o Cel. Luiz Carlos de Alencar Araripe cedeu aos argumentos apresentados pela diretoria da Associa\u00e7\u00e3o e, al\u00e9m de autorizar sua realiza\u00e7\u00e3o, prometeu comparecer \u00e0 capital dos capixabas para a abertura dos jogos.<\/p>\n<p>A not\u00edcia, por\u00e9m, ultrapassou fronteiras e outras Regionais manifestaram o desejo de tamb\u00e9m participar do torneio. A id\u00e9ia foi estudada e a semente germinou. Cresceu. A partir da\u00ed o evento tomou o nome de I Mini Olimp\u00edada de Integra\u00e7\u00e3o dos Policiais Federais.<\/p>\n<p>Feito o convite em n\u00edvel nacional, a delega\u00e7\u00e3o de Sergipe foi a primeira a confirmar presen\u00e7a. Mais tarde, dezoito delega\u00e7\u00f5es confirmariam sua participa\u00e7\u00e3o.<\/p>\n<p>N\u00e3o foi f\u00e1cil organizar aquele encontro, principalmente pela magnitude do evento hist\u00f3rico e pioneiro. Contando com o apoio do empresariado local, foi poss\u00edvel ao Comit\u00ea alojar e alimentar a todos que ali compareceram no per\u00edodo de 23 a 28 de outubro de 1985. Ao final dos Jogos, na festa de encerramento, os esfor\u00e7os despendidos pelos integrantes daquele primeiro Comit\u00ea Ol\u00edmpico foram reconhecidos e todos os membros foram aplaudidos \u00e0 exaust\u00e3o pelos quase 900 atletas que participaram das competi\u00e7\u00f5es.<\/p>\n","protected":false},"excerpt":{"rendered":"<p>Joids \u2013 O in\u00edcio A origem dos JOIDs remonta aos primeiros dias de maio do ano de 1985, quando, em Vit\u00f3ria\/ES, o Agente Ednilson Antonio da Silva, Diretor Regional da ANSEF \u2013 Associa\u00e7\u00e3o Nacional dos Funcion\u00e1rios da Pol\u00edcia Federal \u2013 e o Agente Carlos Roberto da Silva, em conjunto com o ent\u00e3o Superintendente Regional do [&hellip;]<\/p>\n","protected":false},"author":1,"featured_media":0,"parent":0,"menu_order":0,"comment_status":"closed","ping_status":"closed","template":"","meta":{"footnotes":""},"acf":[],"_links":{"self":[{"href":"https:\/\/joids.org.br\/index.php\/wp-json\/wp\/v2\/pages\/689"}],"collection":[{"href":"https:\/\/joids.org.br\/index.php\/wp-json\/wp\/v2\/pages"}],"about":[{"href":"https:\/\/joids.org.br\/index.php\/wp-json\/wp\/v2\/types\/page"}],"author":[{"embeddable":true,"href":"https:\/\/joids.org.br\/index.php\/wp-json\/wp\/v2\/users\/1"}],"replies":[{"embeddable":true,"href":"https:\/\/joids.org.br\/index.php\/wp-json\/wp\/v2\/comments?post=689"}],"version-history":[{"count":1,"href":"https:\/\/joids.org.br\/index.php\/wp-json\/wp\/v2\/pages\/689\/revisions"}],"predecessor-version":[{"id":690,"href":"https:\/\/joids.org.br\/index.php\/wp-json\/wp\/v2\/pages\/689\/revisions\/690"}],"wp:attachment":[{"href":"https:\/\/joids.org.br\/index.php\/wp-json\/wp\/v2\/media?parent=689"}],"curies":[{"name":"wp","href":"https:\/\/api.w.org\/{rel}","templated":true}]}}