{"id":333,"date":"2021-03-01T19:59:38","date_gmt":"2021-03-01T22:59:38","guid":{"rendered":"https:\/\/joids.org.br\/?page_id=333"},"modified":"2022-07-01T11:52:25","modified_gmt":"2022-07-01T14:52:25","slug":"turismo","status":"publish","type":"page","link":"https:\/\/joids.org.br\/index.php\/turismo\/","title":{"rendered":"Turismo"},"content":{"rendered":"<h1 style=\"text-align: center;\"><strong>NATAL\/RN<\/strong><\/h1>\n<p>&nbsp;<\/p>\n<p style=\"text-align: center;\">Natal, no Estado do Rio Grande do Norte, \u00e9 a cidade que sediar\u00e1 o XV Jogos Nacionais de Integra\u00e7\u00e3o dos Servidores da Policia Federal &#8211; JOIDS.<\/p>\n<h2><\/h2>\n<div style=\"width: 2146px;\" class=\"wp-video\"><!--[if lt IE 9]><script>document.createElement('video');<\/script><![endif]-->\n<video class=\"wp-video-shortcode\" id=\"video-333-1\" width=\"2146\" height=\"632\" preload=\"metadata\" controls=\"controls\"><source type=\"video\/mp4\" src=\"https:\/\/joids.org.br\/wp-content\/uploads\/2022\/07\/Natal.mp4?_=1\" \/><a href=\"https:\/\/joids.org.br\/wp-content\/uploads\/2022\/07\/Natal.mp4\">https:\/\/joids.org.br\/wp-content\/uploads\/2022\/07\/Natal.mp4<\/a><\/video><\/div>\n<h2><\/h2>\n<h2><\/h2>\n<h2><\/h2>\n<p><span style=\"color: #e5e5e5;\">&#8230;<\/span><\/p>\n<h2><\/h2>\n<h2 style=\"text-align: center;\"><strong>Piscinas naturais de Maracaja\u00fa<\/strong><\/h2>\n<p>&nbsp;<\/p>\n<p style=\"text-align: justify;\">A 40 quil\u00f4metros, sentido Sul do estado, na regi\u00e3o de N\u00edsia Floresta, tem mais piscinas naturais, al\u00e9m de lagoas de \u00e1guas mornas e cristalinas. Uma das paradas tur\u00edsticas de quem passa pela \u00e1rea \u00e9 na Casa de Tapioca de Tabatinga, onde a tradicional tapioca \u00e9 feita na folha de bananeira em um fog\u00e3o de pedra antigo.<\/p>\n<p style=\"text-align: justify;\">A 7 quil\u00f4metros do litoral norte do RN e a 30 minutos de barco, as piscinas de \u00e1guas transparentes dos Parrachos de Maracaja\u00fa reservam uma vasta vida marinha, com as mais diferentes esp\u00e9cies e uma cadeia de recifes de corais.<\/p>\n<div class=\"text-center\"><img loading=\"lazy\" decoding=\"async\" class=\"aligncenter wp-image-337 size-full\" src=\"https:\/\/joids.org.br\/wp-content\/uploads\/2021\/03\/piscinas.jpg\" alt=\"\" width=\"975\" height=\"560\" srcset=\"https:\/\/joids.org.br\/wp-content\/uploads\/2021\/03\/piscinas.jpg 975w, https:\/\/joids.org.br\/wp-content\/uploads\/2021\/03\/piscinas-300x172.jpg 300w, https:\/\/joids.org.br\/wp-content\/uploads\/2021\/03\/piscinas-768x441.jpg 768w\" sizes=\"(max-width: 975px) 100vw, 975px\" \/><\/div>\n<div><\/div>\n<p>&nbsp;<\/p>\n<h2 style=\"text-align: center;\"><strong>Praia da Pipa<\/strong><\/h2>\n<p>&nbsp;<\/p>\n<p style=\"text-align: justify;\">Enquanto ao Norte de Natal, est\u00e3o as famosas dunas de Genipabu, no sentido contr\u00e1rio, ao Sul, \u00e9 onde fica a Praia de Pipa. Apesar de estar a mais ou menos 80 quil\u00f4metros da capital potiguar, \u00e9 uma das praias mais badaladas do Rio Grande do Norte.<\/p>\n<p style=\"text-align: justify;\">Localizada no munic\u00edpio de Tibau do Sul, Pipa atrai os olhares para as fal\u00e9sias que emolduram a paisagem e tamb\u00e9m pela presen\u00e7a de golfinhos. Isso sem contar a estrutura de bares, lojinhas e restaurantes<\/p>\n<div class=\"text-center\"><img loading=\"lazy\" decoding=\"async\" class=\"aligncenter wp-image-334 size-large\" src=\"https:\/\/joids.org.br\/wp-content\/uploads\/2021\/03\/pipa-1024x768.jpg\" alt=\"\" width=\"1024\" height=\"768\" srcset=\"https:\/\/joids.org.br\/wp-content\/uploads\/2021\/03\/pipa-1024x768.jpg 1024w, https:\/\/joids.org.br\/wp-content\/uploads\/2021\/03\/pipa-300x225.jpg 300w, https:\/\/joids.org.br\/wp-content\/uploads\/2021\/03\/pipa-768x576.jpg 768w, https:\/\/joids.org.br\/wp-content\/uploads\/2021\/03\/pipa.jpg 1440w\" sizes=\"(max-width: 1024px) 100vw, 1024px\" \/><\/div>\n<div><\/div>\n<div><\/div>\n<div><\/div>\n<div><\/div>\n<div><span style=\"color: #e5e5e5;\">&#8230;<\/span><\/div>\n<h2><span style=\"color: #e5e5e5;\">&#8230;<\/span><\/h2>\n<p>&nbsp;<\/p>\n<h2><\/h2>\n<h2 style=\"text-align: center;\"><strong>Barreira do Inferno<\/strong><\/h2>\n<p>&nbsp;<\/p>\n<p style=\"text-align: justify;\">Seu nome \u00e9 um apelido dado pelos locais devido aos efeitos da incid\u00eancia dos raios de sol nas fal\u00e9sias, lembrando uma grande barreira de fogo de longe. Hoje, a base \u00e9 utilizada pela Marinha e pelo Ex\u00e9rcito.<\/p>\n<div class=\"text-center\"><img loading=\"lazy\" decoding=\"async\" class=\"aligncenter wp-image-338 \" src=\"https:\/\/joids.org.br\/wp-content\/uploads\/2021\/03\/barreira.jpg\" alt=\"\" width=\"792\" height=\"594\" srcset=\"https:\/\/joids.org.br\/wp-content\/uploads\/2021\/03\/barreira.jpg 600w, https:\/\/joids.org.br\/wp-content\/uploads\/2021\/03\/barreira-300x225.jpg 300w\" sizes=\"(max-width: 792px) 100vw, 792px\" \/><\/div>\n<div><\/div>\n<div><\/div>\n<h2><span style=\"color: #e5e5e5;\">&#8230;<\/span><\/h2>\n<h2 style=\"text-align: center;\"><strong>Forte dos Reis Magos<\/strong><\/h2>\n<p>&nbsp;<\/p>\n<p style=\"text-align: justify;\">A constru\u00e7\u00e3o come\u00e7ou em 6 de janeiro de 1598, no dia dos Reis, com o intuito de proteger o territ\u00f3rio de invas\u00f5es estrangeiras, mas s\u00f3 foi conclu\u00edda 30 anos depois.<\/p>\n<p style=\"text-align: justify;\">O ponto hist\u00f3rico com formato de estrela \u00e9 aberto para visita\u00e7\u00e3o e conta com guias, que apresentam toda a hist\u00f3ria por tr\u00e1s do forte, al\u00e9m de mostrar os canh\u00f5es originais, da \u00e9poca das invas\u00f5es, a capela com \u00e1gua doce, os alojamentos e o Marco de Touros, considerado o documento hist\u00f3rico mais antigo do Brasil.<\/p>\n<div class=\"text-center\"><img loading=\"lazy\" decoding=\"async\" class=\"aligncenter wp-image-339 \" src=\"https:\/\/joids.org.br\/wp-content\/uploads\/2021\/03\/forte.jpg\" alt=\"\" width=\"720\" height=\"540\" srcset=\"https:\/\/joids.org.br\/wp-content\/uploads\/2021\/03\/forte.jpg 620w, https:\/\/joids.org.br\/wp-content\/uploads\/2021\/03\/forte-300x225.jpg 300w\" sizes=\"(max-width: 720px) 100vw, 720px\" \/><\/div>\n<p>&nbsp;<\/p>\n","protected":false},"excerpt":{"rendered":"<p>NATAL\/RN &nbsp; Natal, no Estado do Rio Grande do Norte, \u00e9 a cidade que sediar\u00e1 o XV Jogos Nacionais de Integra\u00e7\u00e3o dos Servidores da Policia Federal &#8211; JOIDS. &#8230; Piscinas naturais de Maracaja\u00fa &nbsp; A 40 quil\u00f4metros, sentido Sul do estado, na regi\u00e3o de N\u00edsia Floresta, tem mais piscinas naturais, al\u00e9m de lagoas de \u00e1guas [&hellip;]<\/p>\n","protected":false},"author":1,"featured_media":0,"parent":0,"menu_order":0,"comment_status":"closed","ping_status":"closed","template":"template-parts\/page_geral.php","meta":{"footnotes":""},"acf":[],"_links":{"self":[{"href":"https:\/\/joids.org.br\/index.php\/wp-json\/wp\/v2\/pages\/333"}],"collection":[{"href":"https:\/\/joids.org.br\/index.php\/wp-json\/wp\/v2\/pages"}],"about":[{"href":"https:\/\/joids.org.br\/index.php\/wp-json\/wp\/v2\/types\/page"}],"author":[{"embeddable":true,"href":"https:\/\/joids.org.br\/index.php\/wp-json\/wp\/v2\/users\/1"}],"replies":[{"embeddable":true,"href":"https:\/\/joids.org.br\/index.php\/wp-json\/wp\/v2\/comments?post=333"}],"version-history":[{"count":11,"href":"https:\/\/joids.org.br\/index.php\/wp-json\/wp\/v2\/pages\/333\/revisions"}],"predecessor-version":[{"id":503,"href":"https:\/\/joids.org.br\/index.php\/wp-json\/wp\/v2\/pages\/333\/revisions\/503"}],"wp:attachment":[{"href":"https:\/\/joids.org.br\/index.php\/wp-json\/wp\/v2\/media?parent=333"}],"curies":[{"name":"wp","href":"https:\/\/api.w.org\/{rel}","templated":true}]}}